{"id":42,"date":"2020-12-20T13:10:26","date_gmt":"2020-12-20T12:10:26","guid":{"rendered":"http:\/\/vefoun-didg.com\/?page_id=42"},"modified":"2020-12-21T13:35:49","modified_gmt":"2020-12-21T12:35:49","slug":"accueil","status":"publish","type":"page","link":"https:\/\/vefoun-didg.com\/","title":{"rendered":"Accueil"},"content":{"rendered":"\t\t<div data-elementor-type=\"wp-page\" data-elementor-id=\"42\" class=\"elementor elementor-42\" data-elementor-settings=\"[]\">\n\t\t\t\t\t\t<div class=\"elementor-inner\">\n\t\t\t\t\t\t\t<div class=\"elementor-section-wrap\">\n\t\t\t\t\t\t\t<section class=\"elementor-section elementor-top-section elementor-element elementor-element-51dffa5 elementor-section-boxed elementor-section-height-default elementor-section-height-default\" data-id=\"51dffa5\" data-element_type=\"section\">\n\t\t\t\t\t\t<div class=\"elementor-container elementor-column-gap-default\">\n\t\t\t\t\t\t\t<div class=\"elementor-row\">\n\t\t\t\t\t<div class=\"elementor-column elementor-col-50 elementor-top-column elementor-element elementor-element-e0ef569\" data-id=\"e0ef569\" data-element_type=\"column\">\n\t\t\t<div class=\"elementor-column-wrap elementor-element-populated\">\n\t\t\t\t\t\t\t<div class=\"elementor-widget-wrap\">\n\t\t\t\t\t\t<div class=\"elementor-element elementor-element-7cdcfcc elementor-widget elementor-widget-heading\" data-id=\"7cdcfcc\" data-element_type=\"widget\" data-widget_type=\"heading.default\">\n\t\t\t\t<div class=\"elementor-widget-container\">\n\t\t\t<h2 class=\"elementor-heading-title elementor-size-default\">L'histoire<\/h2>\t\t<\/div>\n\t\t\t\t<\/div>\n\t\t\t\t<div class=\"elementor-element elementor-element-a6123d8 elementor-widget elementor-widget-text-editor\" data-id=\"a6123d8\" data-element_type=\"widget\" data-widget_type=\"text-editor.default\">\n\t\t\t\t<div class=\"elementor-widget-container\">\n\t\t\t\t\t<div class=\"elementor-text-editor elementor-clearfix\"><p>Mon 1<sup>er<\/sup> didgeridoo, un eucalyptus termit\u00e9 m\u2019a \u00e9t\u00e9 offert en 2003, mais comme je ne suis\u00a0 jamais satisfait\u00a0 et que j\u2019ai besoin de faire travailler mes mains et mes neurones, il me fallait moi-m\u00eame r\u00e9aliser \u00a0mes didgeridoos.J\u2019ai tout de suite accroch\u00e9 \u00e0 l\u2019agave avant m\u00eame de penser que je pouvais en faire un didg. <br \/>Sa rapidit\u00e9 \u00e0 pousser, \u00e0 donner des formes agr\u00e9ables, sa facilit\u00e9s de propagation, la quantit\u00e9 \u00e0 disposition et le fait de donner une hampe florale avant de mourir m\u2019a fait adopter l\u2019agave pour fabriquer mes didgeridoos. Quoi de mieux que de pouvoir le faire revivre?<\/p><p>Install\u00e9 sur l\u2019ile de la r\u00e9union depuis 1999, dans l\u2019ouest de l\u2019ile, la r\u00e9gion la plus s\u00e8che, c\u2019est l\u00e0 que je travaille mes agaves \u00e0 l\u2019ombre des cocotiers \u00e0 la mode sandwich, la mieux adapt\u00e9e \u00e0 mon gout\u00a0 pour obtenir les volumes int\u00e9rieurs d\u00e9sir\u00e9s. Associ\u00e9e \u00e0 la r\u00e9sine \u00e9poxy qui lui donne toute sa rigidit\u00e9 et ses qualit\u00e9s, ensuite vient le recollage, puis le plaisir de la d\u00e9co et de l\u2019embouchure en bois qui m\u2019a paru de suite \u00eatre la plus hygi\u00e9nique et la plus adapt\u00e9e au bon fonctionnement de la vibration des l\u00e8vres.<\/p><p>En plus d\u2019un bel effet, d\u2019un poids tr\u00e8s l\u00e9ger, d\u2019une facilit\u00e9 de jeu et d\u2019une richesse harmonique incroyable, l\u2019agave est pour moi une valeur s\u00fbre.<\/p><\/div>\n\t\t\t\t<\/div>\n\t\t\t\t<\/div>\n\t\t\t\t\t\t<\/div>\n\t\t\t\t\t<\/div>\n\t\t<\/div>\n\t\t\t\t<div class=\"elementor-column elementor-col-50 elementor-top-column elementor-element elementor-element-a6402a9\" data-id=\"a6402a9\" data-element_type=\"column\">\n\t\t\t<div class=\"elementor-column-wrap elementor-element-populated\">\n\t\t\t\t\t\t\t<div class=\"elementor-widget-wrap\">\n\t\t\t\t\t\t<div class=\"elementor-element elementor-element-7e51293 elementor-widget elementor-widget-image\" data-id=\"7e51293\" data-element_type=\"widget\" data-widget_type=\"image.default\">\n\t\t\t\t<div class=\"elementor-widget-container\">\n\t\t\t\t\t<div class=\"elementor-image\">\n\t\t\t\t\t\t\t\t\t\t<img width=\"960\" height=\"721\" src=\"https:\/\/vefoun-didg.com\/wp-content\/uploads\/2020\/12\/EAISPcoi_2x-1024x769.jpg\" class=\"attachment-large size-large\" alt=\"\" loading=\"lazy\" srcset=\"https:\/\/vefoun-didg.com\/wp-content\/uploads\/2020\/12\/EAISPcoi_2x-1024x769.jpg 1024w, https:\/\/vefoun-didg.com\/wp-content\/uploads\/2020\/12\/EAISPcoi_2x-300x225.jpg 300w, https:\/\/vefoun-didg.com\/wp-content\/uploads\/2020\/12\/EAISPcoi_2x-768x577.jpg 768w, https:\/\/vefoun-didg.com\/wp-content\/uploads\/2020\/12\/EAISPcoi_2x.jpg 1100w\" sizes=\"(max-width: 960px) 100vw, 960px\" \/>\t\t\t\t\t\t\t\t\t\t\t<\/div>\n\t\t\t\t<\/div>\n\t\t\t\t<\/div>\n\t\t\t\t\t\t<\/div>\n\t\t\t\t\t<\/div>\n\t\t<\/div>\n\t\t\t\t\t\t\t\t<\/div>\n\t\t\t\t\t<\/div>\n\t\t<\/section>\n\t\t\t\t<section class=\"elementor-section elementor-top-section elementor-element elementor-element-e374c47 elementor-section-boxed elementor-section-height-default elementor-section-height-default\" data-id=\"e374c47\" data-element_type=\"section\">\n\t\t\t\t\t\t<div class=\"elementor-container elementor-column-gap-default\">\n\t\t\t\t\t\t\t<div class=\"elementor-row\">\n\t\t\t\t\t<div class=\"elementor-column elementor-col-50 elementor-top-column elementor-element elementor-element-0d62eaa\" data-id=\"0d62eaa\" data-element_type=\"column\">\n\t\t\t<div class=\"elementor-column-wrap elementor-element-populated\">\n\t\t\t\t\t\t\t<div class=\"elementor-widget-wrap\">\n\t\t\t\t\t\t<div class=\"elementor-element elementor-element-53af643 elementor-widget elementor-widget-image\" data-id=\"53af643\" data-element_type=\"widget\" data-widget_type=\"image.default\">\n\t\t\t\t<div class=\"elementor-widget-container\">\n\t\t\t\t\t<div class=\"elementor-image\">\n\t\t\t\t\t\t\t\t\t\t<img width=\"550\" height=\"733\" src=\"https:\/\/vefoun-didg.com\/wp-content\/uploads\/2020\/12\/IfCi_9WdDtnkzZTmzmn_JqkM0pM@550x733.jpg\" class=\"attachment-large size-large\" alt=\"\" loading=\"lazy\" srcset=\"https:\/\/vefoun-didg.com\/wp-content\/uploads\/2020\/12\/IfCi_9WdDtnkzZTmzmn_JqkM0pM@550x733.jpg 550w, https:\/\/vefoun-didg.com\/wp-content\/uploads\/2020\/12\/IfCi_9WdDtnkzZTmzmn_JqkM0pM@550x733-225x300.jpg 225w\" sizes=\"(max-width: 550px) 100vw, 550px\" \/>\t\t\t\t\t\t\t\t\t\t\t<\/div>\n\t\t\t\t<\/div>\n\t\t\t\t<\/div>\n\t\t\t\t\t\t<\/div>\n\t\t\t\t\t<\/div>\n\t\t<\/div>\n\t\t\t\t<div class=\"elementor-column elementor-col-50 elementor-top-column elementor-element elementor-element-ea39535\" data-id=\"ea39535\" data-element_type=\"column\">\n\t\t\t<div class=\"elementor-column-wrap elementor-element-populated\">\n\t\t\t\t\t\t\t<div class=\"elementor-widget-wrap\">\n\t\t\t\t\t\t<div class=\"elementor-element elementor-element-1b4b953 elementor-widget elementor-widget-heading\" data-id=\"1b4b953\" data-element_type=\"widget\" data-widget_type=\"heading.default\">\n\t\t\t\t<div class=\"elementor-widget-container\">\n\t\t\t<h2 class=\"elementor-heading-title elementor-size-default\">Le choka<\/h2>\t\t<\/div>\n\t\t\t\t<\/div>\n\t\t\t\t<div class=\"elementor-element elementor-element-ef89d99 elementor-widget elementor-widget-text-editor\" data-id=\"ef89d99\" data-element_type=\"widget\" data-widget_type=\"text-editor.default\">\n\t\t\t\t<div class=\"elementor-widget-container\">\n\t\t\t\t\t<div class=\"elementor-text-editor elementor-clearfix\"><div>Voici ma mati\u00e8re premi\u00e8re, le choka ou agave, est un cactus vivant entre 10 et 15 ans. \u00c0 la fin de sa vie, le choka va former une unique hampe florale qui va s\u2019effondrer au bout de plusieurs mois laissant \u00e9chapper au sol ses graines qui ne demandent qu&rsquo;\u00e0 prendre racine.<\/div><\/div>\n\t\t\t\t<\/div>\n\t\t\t\t<\/div>\n\t\t\t\t\t\t<\/div>\n\t\t\t\t\t<\/div>\n\t\t<\/div>\n\t\t\t\t\t\t\t\t<\/div>\n\t\t\t\t\t<\/div>\n\t\t<\/section>\n\t\t\t\t\t\t<\/div>\n\t\t\t\t\t\t<\/div>\n\t\t\t\t\t<\/div>\n\t\t","protected":false},"excerpt":{"rendered":"<p>L&rsquo;histoire Mon 1er didgeridoo, un eucalyptus termit\u00e9 m\u2019a \u00e9t\u00e9 offert en 2003, mais comme je ne suis\u00a0 jamais satisfait\u00a0 et que j\u2019ai besoin de faire travailler mes mains et mes neurones, il me fallait moi-m\u00eame r\u00e9aliser \u00a0mes didgeridoos.J\u2019ai tout de suite accroch\u00e9 \u00e0 l\u2019agave avant m\u00eame de penser que je pouvais en faire un didg. Sa rapidit\u00e9 \u00e0 pousser, \u00e0 donner des formes agr\u00e9ables, sa facilit\u00e9s de propagation, la quantit\u00e9 \u00e0 disposition et le fait de donner une hampe florale avant de mourir m\u2019a fait adopter l\u2019agave pour fabriquer mes didgeridoos. Quoi de mieux que de pouvoir le faire revivre? Install\u00e9 sur l\u2019ile de la r\u00e9union depuis 1999, dans l\u2019ouest de l\u2019ile, la r\u00e9gion la plus s\u00e8che, c\u2019est l\u00e0 que je travaille mes agaves \u00e0 l\u2019ombre des cocotiers \u00e0 la mode sandwich, la mieux adapt\u00e9e \u00e0 mon gout\u00a0 pour obtenir les volumes int\u00e9rieurs d\u00e9sir\u00e9s. Associ\u00e9e \u00e0 la r\u00e9sine \u00e9poxy qui lui donne toute sa rigidit\u00e9 et ses qualit\u00e9s, ensuite vient le recollage, puis le plaisir de la d\u00e9co et de l\u2019embouchure en bois qui m\u2019a paru de suite \u00eatre la plus hygi\u00e9nique et la plus adapt\u00e9e au bon fonctionnement de la vibration des l\u00e8vres. En plus d\u2019un bel effet, d\u2019un poids tr\u00e8s l\u00e9ger, d\u2019une facilit\u00e9 de jeu et d\u2019une richesse harmonique incroyable, l\u2019agave est pour moi une valeur s\u00fbre. Le choka Voici ma mati\u00e8re premi\u00e8re, le choka ou agave, est un cactus vivant entre 10 et 15 ans. \u00c0 la fin de sa vie, le choka va former une unique hampe florale qui va s\u2019effondrer au bout de plusieurs mois laissant \u00e9chapper au sol ses graines qui ne demandent qu&rsquo;\u00e0 prendre racine.<\/p>\n","protected":false},"author":1,"featured_media":0,"parent":0,"menu_order":0,"comment_status":"closed","ping_status":"closed","template":"","meta":[],"_links":{"self":[{"href":"https:\/\/vefoun-didg.com\/index.php?rest_route=\/wp\/v2\/pages\/42"}],"collection":[{"href":"https:\/\/vefoun-didg.com\/index.php?rest_route=\/wp\/v2\/pages"}],"about":[{"href":"https:\/\/vefoun-didg.com\/index.php?rest_route=\/wp\/v2\/types\/page"}],"author":[{"embeddable":true,"href":"https:\/\/vefoun-didg.com\/index.php?rest_route=\/wp\/v2\/users\/1"}],"replies":[{"embeddable":true,"href":"https:\/\/vefoun-didg.com\/index.php?rest_route=%2Fwp%2Fv2%2Fcomments&post=42"}],"version-history":[{"count":37,"href":"https:\/\/vefoun-didg.com\/index.php?rest_route=\/wp\/v2\/pages\/42\/revisions"}],"predecessor-version":[{"id":353,"href":"https:\/\/vefoun-didg.com\/index.php?rest_route=\/wp\/v2\/pages\/42\/revisions\/353"}],"wp:attachment":[{"href":"https:\/\/vefoun-didg.com\/index.php?rest_route=%2Fwp%2Fv2%2Fmedia&parent=42"}],"curies":[{"name":"wp","href":"https:\/\/api.w.org\/{rel}","templated":true}]}}