{"id":99,"date":"2020-12-20T13:59:14","date_gmt":"2020-12-20T12:59:14","guid":{"rendered":"http:\/\/vefoun-didg.com\/?page_id=99"},"modified":"2020-12-21T13:24:22","modified_gmt":"2020-12-21T12:24:22","slug":"commander","status":"publish","type":"page","link":"https:\/\/vefoun-didg.com\/?page_id=99","title":{"rendered":"Commander"},"content":{"rendered":"\t\t<div data-elementor-type=\"wp-page\" data-elementor-id=\"99\" class=\"elementor elementor-99\" data-elementor-settings=\"[]\">\n\t\t\t\t\t\t<div class=\"elementor-inner\">\n\t\t\t\t\t\t\t<div class=\"elementor-section-wrap\">\n\t\t\t\t\t\t\t<section class=\"elementor-section elementor-top-section elementor-element elementor-element-a521472 elementor-section-boxed elementor-section-height-default elementor-section-height-default\" data-id=\"a521472\" data-element_type=\"section\">\n\t\t\t\t\t\t<div class=\"elementor-container elementor-column-gap-default\">\n\t\t\t\t\t\t\t<div class=\"elementor-row\">\n\t\t\t\t\t<div class=\"elementor-column elementor-col-100 elementor-top-column elementor-element elementor-element-4f84b56\" data-id=\"4f84b56\" data-element_type=\"column\">\n\t\t\t<div class=\"elementor-column-wrap elementor-element-populated\">\n\t\t\t\t\t\t\t<div class=\"elementor-widget-wrap\">\n\t\t\t\t\t\t<div class=\"elementor-element elementor-element-21c06e7 elementor-widget elementor-widget-text-editor\" data-id=\"21c06e7\" data-element_type=\"widget\" data-widget_type=\"text-editor.default\">\n\t\t\t\t<div class=\"elementor-widget-container\">\n\t\t\t\t\t<div class=\"elementor-text-editor elementor-clearfix\"><p>Je n&rsquo;ai aucun stock de didgeridoo d\u00e9j\u00e0 pr\u00eat \u00e0 te proposer. En revanche je te propose de passer commande via mon adresse mail<strong> rv.guignebault@gmail.com <\/strong>Cela te permettra de personnaliser au mieux ton propre didgeridoo. Pour toute commande, je te propose :<\/p><p>\u00a0 \u00a0 \u00a0 \u00a0 \u00a0 \u00a0 \u00a0 \u00a0 \u00a0 \u00a0 \u00a0 \u00a0 \u00a0 \u00a0 \u00a0 \u00a0 \u00a0 \u00a0 \u00a0\u00a0 &#8211; de choisir dans mon stock, suivant les crit\u00e8res que tu recherches en forme et diam\u00e8tre, l\u2019agave que tu veux, plusieurs te seront propos\u00e9s avec des photos prises sous diff\u00e9rents angles.<\/p><p>\u00a0\u00a0\u00a0\u00a0\u00a0\u00a0\u00a0\u00a0\u00a0\u00a0\u00a0\u00a0\u00a0\u00a0\u00a0\u00a0\u00a0\u00a0\u00a0\u00a0\u00a0\u00a0\u00a0\u00a0\u00a0\u00a0\u00a0\u00a0\u00a0\u00a0\u00a0\u00a0\u00a0\u00a0\u00a0\u00a0\u00a0\u00a0 &#8211; le choix de l\u2019embouchure, de sa forme, des couleurs de bois (l&#8217;embouchure est compris dans le prix de base)<\/p><p>\u00a0\u00a0\u00a0\u00a0\u00a0\u00a0\u00a0\u00a0\u00a0\u00a0\u00a0\u00a0\u00a0\u00a0\u00a0\u00a0\u00a0\u00a0\u00a0\u00a0\u00a0\u00a0\u00a0\u00a0\u00a0\u00a0\u00a0\u00a0\u00a0\u00a0\u00a0\u00a0\u00a0\u00a0\u00a0\u00a0\u00a0\u00a0 &#8211; le choix de la d\u00e9co. avec la possibilit\u00e9 d&rsquo;y mettre\u00a0ton propre motif ou ton id\u00e9e de d\u00e9co.\u00a0<\/p><p>\u00a0\u00a0\u00a0\u00a0\u00a0\u00a0\u00a0\u00a0\u00a0\u00a0\u00a0\u00a0\u00a0\u00a0\u00a0\u00a0\u00a0\u00a0\u00a0\u00a0\u00a0\u00a0\u00a0\u00a0\u00a0\u00a0\u00a0\u00a0\u00a0\u00a0\u00a0\u00a0\u00a0\u00a0\u00a0\u00a0\u00a0\u00a0 &#8211; le choix de diff\u00e9rentes options: renfort en fibre de verre sur la cloche, bague en bois, en serpent, en natte malgache, etc.<\/p><p>\u00a0\u00a0\u00a0\u00a0\u00a0\u00a0\u00a0\u00a0\u00a0\u00a0\u00a0\u00a0\u00a0\u00a0\u00a0\u00a0\u00a0\u00a0\u00a0\u00a0\u00a0\u00a0\u00a0\u00a0\u00a0\u00a0\u00a0\u00a0\u00a0\u00a0\u00a0\u00a0\u00a0\u00a0\u00a0\u00a0\u00a0\u00a0 &#8211; ou\u00a0bien d\u00e9montable pour des facilit\u00e9s de transport.<\/p><p>\u00a0\u00a0\u00a0\u00a0\u00a0\u00a0\u00a0\u00a0\u00a0\u00a0\u00a0\u00a0\u00a0\u00a0\u00a0\u00a0\u00a0\u00a0\u00a0\u00a0\u00a0\u00a0\u00a0\u00a0\u00a0\u00a0\u00a0\u00a0\u00a0\u00a0\u00a0\u00a0\u00a0\u00a0\u00a0\u00a0\u00a0\u00a0 &#8211; de b\u00e9n\u00e9ficier du suivi en photos de la fabrication de ton didg<\/p><p>\u00a0\u00a0\u00a0\u00a0\u00a0\u00a0\u00a0\u00a0\u00a0\u00a0\u00a0\u00a0\u00a0\u00a0\u00a0\u00a0\u00a0\u00a0\u00a0\u00a0\u00a0\u00a0\u00a0\u00a0\u00a0\u00a0\u00a0\u00a0\u00a0\u00a0\u00a0\u00a0\u00a0\u00a0\u00a0\u00a0\u00a0\u00a0 &#8211; 1 ou plusieurs sons pour bien appr\u00e9cier.<\/p><p>Une fois termin\u00e9 s\u2019il ne te convient pas et bien tu n\u2019es pas oblig\u00e9 de le prendre!! Sinon apr\u00e8s r\u00e9ception, il t&rsquo;est possible \u00e0 tes frais (environ 20\u20ac) de le renvoyer chez \u00ab\u00a0didgeridoo passion\u00a0\u00bb et bien sur ton ch\u00e8que te sera rembours\u00e9. C\u2019est pas super tout \u00e7a ?<\/p><p>Les prix commences \u00e0 240\u20ac et augmentent suivant le travail \u00e0 faire dessus (bague, d\u00e9co, renfort, d\u00e9montable, etc.)<\/p><p>Et pour ceux qui ont besoin de les voir ou de les essayer et qui h\u00e9site \u00e0 faire 11.000km pour les tester chez moi, c&rsquo;est possible en m\u00e9tropole \u00e0 cot\u00e9 de Colmar chez<a href=\"http:\/\/www.didgeridoo-accessoires.com\/fr\/Boutique\/boutique\/Catalogue\/12\/vefoun-didg.html\">\u00ab\u00a0didgeridoo passion\u00a0\u00bb<\/a><\/p><\/div>\n\t\t\t\t<\/div>\n\t\t\t\t<\/div>\n\t\t\t\t<div class=\"elementor-element elementor-element-0dfdec1 elementor-widget elementor-widget-heading\" data-id=\"0dfdec1\" data-element_type=\"widget\" data-widget_type=\"heading.default\">\n\t\t\t\t<div class=\"elementor-widget-container\">\n\t\t\t<h2 class=\"elementor-heading-title elementor-size-default\">L'exp\u00e9dition<\/h2>\t\t<\/div>\n\t\t\t\t<\/div>\n\t\t\t\t<div class=\"elementor-element elementor-element-3984dfb elementor-widget elementor-widget-text-editor\" data-id=\"3984dfb\" data-element_type=\"widget\" data-widget_type=\"text-editor.default\">\n\t\t\t\t<div class=\"elementor-widget-container\">\n\t\t\t\t\t<div class=\"elementor-text-editor elementor-clearfix\"><p>Aucun probl\u00e8me pour une exp\u00e9dition en France ou \u00e0 l&rsquo;\u00e9tranger, j&rsquo;envoie les colis par la poste en \u00ab\u00a0colissimo recommand\u00e9\u00a0\u00bbpour environ 40 \u20ac pour la France et 60\u20ac pour l&rsquo;\u00e9tranger.Attention aux taxes pour l\u2019\u00e9tranger, se renseigner aupr\u00e8s des douanes livraison contre signature, avec suivi du colis, indemnisation forfaitaire int\u00e9gr\u00e9e de 50\u20ac \u00e0 800\u20ac selon le taux de recommandation choisi, en cas de perte, d\u00e9t\u00e9rioration ou spoliation.<\/p><p>Ceci dit, sur tout ces didgeridoos exp\u00e9di\u00e9s, je n&rsquo;ai jamais eu aucun probl\u00e8me.<\/p><p>Compte 5 \u00e0 10 jours de voyage.<\/p><\/div>\n\t\t\t\t<\/div>\n\t\t\t\t<\/div>\n\t\t\t\t\t\t<\/div>\n\t\t\t\t\t<\/div>\n\t\t<\/div>\n\t\t\t\t\t\t\t\t<\/div>\n\t\t\t\t\t<\/div>\n\t\t<\/section>\n\t\t\t\t\t\t<\/div>\n\t\t\t\t\t\t<\/div>\n\t\t\t\t\t<\/div>\n\t\t","protected":false},"excerpt":{"rendered":"<p>Je n&rsquo;ai aucun stock de didgeridoo d\u00e9j\u00e0 pr\u00eat \u00e0 te proposer. En revanche je te propose de passer commande via mon adresse mail rv.guignebault@gmail.com Cela te permettra de personnaliser au mieux ton propre didgeridoo. Pour toute commande, je te propose : \u00a0 \u00a0 \u00a0 \u00a0 \u00a0 \u00a0 \u00a0 \u00a0 \u00a0 \u00a0 \u00a0 \u00a0 \u00a0 \u00a0 \u00a0 \u00a0 \u00a0 \u00a0 \u00a0\u00a0 &#8211; de choisir dans mon stock, suivant les crit\u00e8res que tu recherches en forme et diam\u00e8tre, l\u2019agave que tu veux, plusieurs te seront propos\u00e9s avec des photos prises sous diff\u00e9rents angles. \u00a0\u00a0\u00a0\u00a0\u00a0\u00a0\u00a0\u00a0\u00a0\u00a0\u00a0\u00a0\u00a0\u00a0\u00a0\u00a0\u00a0\u00a0\u00a0\u00a0\u00a0\u00a0\u00a0\u00a0\u00a0\u00a0\u00a0\u00a0\u00a0\u00a0\u00a0\u00a0\u00a0\u00a0\u00a0\u00a0\u00a0\u00a0 &#8211; le choix de l\u2019embouchure, de sa forme, des couleurs de bois (l&#8217;embouchure est compris dans le prix de base) \u00a0\u00a0\u00a0\u00a0\u00a0\u00a0\u00a0\u00a0\u00a0\u00a0\u00a0\u00a0\u00a0\u00a0\u00a0\u00a0\u00a0\u00a0\u00a0\u00a0\u00a0\u00a0\u00a0\u00a0\u00a0\u00a0\u00a0\u00a0\u00a0\u00a0\u00a0\u00a0\u00a0\u00a0\u00a0\u00a0\u00a0\u00a0 &#8211; le choix de la d\u00e9co. avec la possibilit\u00e9 d&rsquo;y mettre\u00a0ton propre motif ou ton id\u00e9e de d\u00e9co.\u00a0 \u00a0\u00a0\u00a0\u00a0\u00a0\u00a0\u00a0\u00a0\u00a0\u00a0\u00a0\u00a0\u00a0\u00a0\u00a0\u00a0\u00a0\u00a0\u00a0\u00a0\u00a0\u00a0\u00a0\u00a0\u00a0\u00a0\u00a0\u00a0\u00a0\u00a0\u00a0\u00a0\u00a0\u00a0\u00a0\u00a0\u00a0\u00a0 &#8211; le choix de diff\u00e9rentes options: renfort en fibre de verre sur la cloche, bague en bois, en serpent, en natte malgache, etc. \u00a0\u00a0\u00a0\u00a0\u00a0\u00a0\u00a0\u00a0\u00a0\u00a0\u00a0\u00a0\u00a0\u00a0\u00a0\u00a0\u00a0\u00a0\u00a0\u00a0\u00a0\u00a0\u00a0\u00a0\u00a0\u00a0\u00a0\u00a0\u00a0\u00a0\u00a0\u00a0\u00a0\u00a0\u00a0\u00a0\u00a0\u00a0 &#8211; ou\u00a0bien d\u00e9montable pour des facilit\u00e9s de transport. \u00a0\u00a0\u00a0\u00a0\u00a0\u00a0\u00a0\u00a0\u00a0\u00a0\u00a0\u00a0\u00a0\u00a0\u00a0\u00a0\u00a0\u00a0\u00a0\u00a0\u00a0\u00a0\u00a0\u00a0\u00a0\u00a0\u00a0\u00a0\u00a0\u00a0\u00a0\u00a0\u00a0\u00a0\u00a0\u00a0\u00a0\u00a0 &#8211; de b\u00e9n\u00e9ficier du suivi en photos de la fabrication de ton didg \u00a0\u00a0\u00a0\u00a0\u00a0\u00a0\u00a0\u00a0\u00a0\u00a0\u00a0\u00a0\u00a0\u00a0\u00a0\u00a0\u00a0\u00a0\u00a0\u00a0\u00a0\u00a0\u00a0\u00a0\u00a0\u00a0\u00a0\u00a0\u00a0\u00a0\u00a0\u00a0\u00a0\u00a0\u00a0\u00a0\u00a0\u00a0 &#8211; 1 ou plusieurs sons pour bien appr\u00e9cier. Une fois termin\u00e9 s\u2019il ne te convient pas et bien tu n\u2019es pas oblig\u00e9 de le prendre!! Sinon apr\u00e8s r\u00e9ception, il t&rsquo;est possible \u00e0 tes frais (environ 20\u20ac) de le renvoyer chez \u00ab\u00a0didgeridoo passion\u00a0\u00bb et bien sur ton ch\u00e8que te sera rembours\u00e9. C\u2019est pas super tout \u00e7a ? Les prix commences \u00e0 240\u20ac et augmentent suivant le travail \u00e0 faire dessus (bague, d\u00e9co, renfort, d\u00e9montable, etc.) Et pour ceux qui ont besoin de les voir ou de les essayer et qui h\u00e9site \u00e0 faire 11.000km pour les tester chez moi, c&rsquo;est possible en m\u00e9tropole \u00e0 cot\u00e9 de Colmar chez\u00ab\u00a0didgeridoo passion\u00a0\u00bb L&rsquo;exp\u00e9dition Aucun probl\u00e8me pour une exp\u00e9dition en France ou \u00e0 l&rsquo;\u00e9tranger, j&rsquo;envoie les colis par la poste en \u00ab\u00a0colissimo recommand\u00e9\u00a0\u00bbpour environ 40 \u20ac pour la France et 60\u20ac pour l&rsquo;\u00e9tranger.Attention aux taxes pour l\u2019\u00e9tranger, se renseigner aupr\u00e8s des douanes livraison contre signature, avec suivi du colis, indemnisation forfaitaire int\u00e9gr\u00e9e de 50\u20ac \u00e0 800\u20ac selon le taux de recommandation choisi, en cas de perte, d\u00e9t\u00e9rioration ou spoliation. Ceci dit, sur tout ces didgeridoos exp\u00e9di\u00e9s, je n&rsquo;ai jamais eu aucun probl\u00e8me. Compte 5 \u00e0 10 jours de voyage.<\/p>\n","protected":false},"author":1,"featured_media":0,"parent":0,"menu_order":0,"comment_status":"closed","ping_status":"closed","template":"","meta":[],"_links":{"self":[{"href":"https:\/\/vefoun-didg.com\/index.php?rest_route=\/wp\/v2\/pages\/99"}],"collection":[{"href":"https:\/\/vefoun-didg.com\/index.php?rest_route=\/wp\/v2\/pages"}],"about":[{"href":"https:\/\/vefoun-didg.com\/index.php?rest_route=\/wp\/v2\/types\/page"}],"author":[{"embeddable":true,"href":"https:\/\/vefoun-didg.com\/index.php?rest_route=\/wp\/v2\/users\/1"}],"replies":[{"embeddable":true,"href":"https:\/\/vefoun-didg.com\/index.php?rest_route=%2Fwp%2Fv2%2Fcomments&post=99"}],"version-history":[{"count":32,"href":"https:\/\/vefoun-didg.com\/index.php?rest_route=\/wp\/v2\/pages\/99\/revisions"}],"predecessor-version":[{"id":345,"href":"https:\/\/vefoun-didg.com\/index.php?rest_route=\/wp\/v2\/pages\/99\/revisions\/345"}],"wp:attachment":[{"href":"https:\/\/vefoun-didg.com\/index.php?rest_route=%2Fwp%2Fv2%2Fmedia&parent=99"}],"curies":[{"name":"wp","href":"https:\/\/api.w.org\/{rel}","templated":true}]}}